{"id":7,"date":"2022-01-31T13:13:25","date_gmt":"2022-01-31T12:13:25","guid":{"rendered":"https:\/\/heartdwellers.at\/?page_id=7"},"modified":"2022-02-09T15:54:31","modified_gmt":"2022-02-09T14:54:31","slug":"kontakt","status":"publish","type":"page","link":"https:\/\/heartdwellers.at\/?page_id=7","title":{"rendered":"Kontakt"},"content":{"rendered":"\n<p class=\"wp-block-paragraph\">Das ist eine Seite mit einigen klassischen Kontakt-Informationen, wie Adresse und Telefonnummer. Du k\u00f6nntest hier aber auch ein Plugin nutzen, um ein Kontakt-Formular einzuf\u00fcgen.<\/p>\n\t\t\n\t\t\t<style>\/*! elementor - v3.5.4 - 03-02-2022 *\/\n.elementor-widget-image{text-align:center}.elementor-widget-image a{display:inline-block;width:var(--img-width)}.elementor-widget-image a img{width:100%}.elementor-widget-image a img[src$=\".svg\"]{width:48px}.elementor-widget-image img{vertical-align:middle;display:inline-block;width:var(--img-width)}<\/style>\t\t\t\t\t\t\t\t\t\t\t\t<img decoding=\"async\" width=\"300\" height=\"300\" src=\"https:\/\/heartdwellers.at\/wp-content\/uploads\/2022\/01\/wp-16419248005115865079370129214947-1536x1536-1-300x300.jpg\" alt=\"\" loading=\"lazy\" srcset=\"https:\/\/heartdwellers.at\/wp-content\/uploads\/2022\/01\/wp-16419248005115865079370129214947-1536x1536-1-300x300.jpg 300w, https:\/\/heartdwellers.at\/wp-content\/uploads\/2022\/01\/wp-16419248005115865079370129214947-1536x1536-1-1024x1024.jpg 1024w, https:\/\/heartdwellers.at\/wp-content\/uploads\/2022\/01\/wp-16419248005115865079370129214947-1536x1536-1-150x150.jpg 150w, https:\/\/heartdwellers.at\/wp-content\/uploads\/2022\/01\/wp-16419248005115865079370129214947-1536x1536-1-768x768.jpg 768w, https:\/\/heartdwellers.at\/wp-content\/uploads\/2022\/01\/wp-16419248005115865079370129214947-1536x1536-1.jpg 1536w\" sizes=\"auto, (max-width: 300px) 100vw, 300px\" \/>\t\t\t\t\t\t\t\t\t\t\t\t\t\t\t\n\t\t\t<link rel=\"stylesheet\" href=\"https:\/\/heartdwellers.at\/wp-content\/plugins\/elementor-pro\/assets\/css\/widget-animated-headline.min.css\">\t\t<h3>\n\t\t\t\t\tBereit f\u00fcr \n\t\t\t\t\tJesus \n\t\t\t\t\t?\n\t\t\t\t\t<\/h3>","protected":false},"excerpt":{"rendered":"<p>Das ist eine Seite mit einigen klassischen Kontakt-Informationen, wie Adresse und Telefonnummer. Du k\u00f6nntest hier aber auch ein Plugin nutzen, um ein Kontakt-Formular einzuf\u00fcgen. Bereit f\u00fcr Jesus ?<\/p>\n","protected":false},"author":1,"featured_media":0,"parent":0,"menu_order":0,"comment_status":"closed","ping_status":"closed","template":"","meta":{"_coblocks_attr":"","_coblocks_dimensions":"","_coblocks_responsive_height":"","_coblocks_accordion_ie_support":"","_crdt_document":"","footnotes":""},"wf_page_folders":[],"class_list":["post-7","page","type-page","status-publish","hentry"],"_links":{"self":[{"href":"https:\/\/heartdwellers.at\/index.php?rest_route=\/wp\/v2\/pages\/7","targetHints":{"allow":["GET"]}}],"collection":[{"href":"https:\/\/heartdwellers.at\/index.php?rest_route=\/wp\/v2\/pages"}],"about":[{"href":"https:\/\/heartdwellers.at\/index.php?rest_route=\/wp\/v2\/types\/page"}],"author":[{"embeddable":true,"href":"https:\/\/heartdwellers.at\/index.php?rest_route=\/wp\/v2\/users\/1"}],"replies":[{"embeddable":true,"href":"https:\/\/heartdwellers.at\/index.php?rest_route=%2Fwp%2Fv2%2Fcomments&post=7"}],"version-history":[{"count":7,"href":"https:\/\/heartdwellers.at\/index.php?rest_route=\/wp\/v2\/pages\/7\/revisions"}],"predecessor-version":[{"id":190,"href":"https:\/\/heartdwellers.at\/index.php?rest_route=\/wp\/v2\/pages\/7\/revisions\/190"}],"wp:attachment":[{"href":"https:\/\/heartdwellers.at\/index.php?rest_route=%2Fwp%2Fv2%2Fmedia&parent=7"}],"wp:term":[{"taxonomy":"wf_page_folders","embeddable":true,"href":"https:\/\/heartdwellers.at\/index.php?rest_route=%2Fwp%2Fv2%2Fwf_page_folders&post=7"}],"curies":[{"name":"wp","href":"https:\/\/api.w.org\/{rel}","templated":true}]}}