{"id":6,"date":"2022-01-31T13:13:25","date_gmt":"2022-01-31T12:13:25","guid":{"rendered":"https:\/\/heartdwellers.at\/?page_id=6"},"modified":"2022-02-09T15:54:30","modified_gmt":"2022-02-09T14:54:30","slug":"ueber-uns","status":"publish","type":"page","link":"https:\/\/heartdwellers.at\/?page_id=6","title":{"rendered":"\u00dcber uns"},"content":{"rendered":"\n<p class=\"wp-block-paragraph\">M\u00f6glicherweise bist du k\u00fcnstlerisch t\u00e4tig und m\u00f6chtest dich und deine Arbeiten hier vorstellen. Oder hast du vielleicht ein Business mit einer Mission, die es zu beschreiben gilt?<\/p>\n","protected":false},"excerpt":{"rendered":"<p>M\u00f6glicherweise bist du k\u00fcnstlerisch t\u00e4tig und m\u00f6chtest dich und deine Arbeiten hier vorstellen. Oder hast du vielleicht ein Business mit einer Mission, die es zu beschreiben gilt?<\/p>\n","protected":false},"author":1,"featured_media":0,"parent":0,"menu_order":0,"comment_status":"closed","ping_status":"closed","template":"","meta":{"_coblocks_attr":"","_coblocks_dimensions":"","_coblocks_responsive_height":"","_coblocks_accordion_ie_support":"","_crdt_document":"","footnotes":""},"wf_page_folders":[],"class_list":["post-6","page","type-page","status-publish","hentry"],"_links":{"self":[{"href":"https:\/\/heartdwellers.at\/index.php?rest_route=\/wp\/v2\/pages\/6","targetHints":{"allow":["GET"]}}],"collection":[{"href":"https:\/\/heartdwellers.at\/index.php?rest_route=\/wp\/v2\/pages"}],"about":[{"href":"https:\/\/heartdwellers.at\/index.php?rest_route=\/wp\/v2\/types\/page"}],"author":[{"embeddable":true,"href":"https:\/\/heartdwellers.at\/index.php?rest_route=\/wp\/v2\/users\/1"}],"replies":[{"embeddable":true,"href":"https:\/\/heartdwellers.at\/index.php?rest_route=%2Fwp%2Fv2%2Fcomments&post=6"}],"version-history":[{"count":1,"href":"https:\/\/heartdwellers.at\/index.php?rest_route=\/wp\/v2\/pages\/6\/revisions"}],"predecessor-version":[{"id":13,"href":"https:\/\/heartdwellers.at\/index.php?rest_route=\/wp\/v2\/pages\/6\/revisions\/13"}],"wp:attachment":[{"href":"https:\/\/heartdwellers.at\/index.php?rest_route=%2Fwp%2Fv2%2Fmedia&parent=6"}],"wp:term":[{"taxonomy":"wf_page_folders","embeddable":true,"href":"https:\/\/heartdwellers.at\/index.php?rest_route=%2Fwp%2Fv2%2Fwf_page_folders&post=6"}],"curies":[{"name":"wp","href":"https:\/\/api.w.org\/{rel}","templated":true}]}}