{"id":5,"date":"2022-01-31T13:13:25","date_gmt":"2022-01-31T12:13:25","guid":{"rendered":"https:\/\/heartdwellers.at\/?page_id=5"},"modified":"2022-02-13T18:22:08","modified_gmt":"2022-02-13T17:22:08","slug":"einer-fuer-alle-alle-fuer-einen","status":"publish","type":"page","link":"https:\/\/heartdwellers.at\/","title":{"rendered":"Jesus"},"content":{"rendered":"\n<p class=\"has-text-align-center wp-block-paragraph\">AUSTRIA  Herzbewohner Jesus<\/p>\n\n\n\n<div style=\"height:40px\" aria-hidden=\"true\" class=\"wp-block-spacer\"><\/div>\n\n\n\n<div class=\"wp-block-cover alignfull is-light is-style-twentytwentyone-border\" style=\"min-height:100vh;aspect-ratio:unset;\"><span aria-hidden=\"true\" class=\"wp-block-cover__gradient-background has-background-dim\"><\/span><img loading=\"lazy\" decoding=\"async\" width=\"754\" height=\"960\" class=\"wp-block-cover__image-background wp-image-135\" alt=\"\" src=\"https:\/\/heartdwellers.at\/wp-content\/uploads\/2022\/02\/1670e955940723807305afa9b598d034-1.jpg\" style=\"object-position:56% 22%\" data-object-fit=\"cover\" data-object-position=\"56% 22%\" srcset=\"https:\/\/heartdwellers.at\/wp-content\/uploads\/2022\/02\/1670e955940723807305afa9b598d034-1.jpg 754w, https:\/\/heartdwellers.at\/wp-content\/uploads\/2022\/02\/1670e955940723807305afa9b598d034-1-236x300.jpg 236w\" sizes=\"auto, (max-width: 754px) 100vw, 754px\" \/><div class=\"wp-block-cover__inner-container is-layout-flow wp-block-cover-is-layout-flow\">\n<p class=\"has-text-align-center has-large-font-size wp-block-paragraph\"><\/p>\n<\/div><\/div>\n\n\n\n<div style=\"height:90px\" aria-hidden=\"true\" class=\"wp-block-spacer\"><\/div>\n\n\n\n<div class=\"wp-block-columns are-vertically-aligned-top has-background coblocks-animate is-layout-flex wp-container-core-columns-is-layout-8f761849 wp-block-columns-is-layout-flex\" style=\"background-color:#d9d76a\" data-coblocks-animation=\"zoomIn\">\n<div class=\"wp-block-column is-vertically-aligned-top is-layout-flow wp-block-column-is-layout-flow\">\n<h3 class=\"has-text-align-left wp-block-heading\" id=\"heart-dwellers\">Heart-dwellers<\/h3>\n\n\n\n<p class=\"wp-block-paragraph\">Heart-dwellers von Claire du Bois                           in Orginal US Englisch, mit Links und PDF\u015b und B\u00fccher ebenso     \u00dcbersetzungen in Deutsch<\/p>\n<\/div>\n\n\n\n<div class=\"wp-block-column is-vertically-aligned-top is-layout-flow wp-block-column-is-layout-flow\">\n<h3 class=\"has-text-align-center wp-block-heading\" id=\"blog\">Blog<\/h3>\n\n\n\n<p class=\"wp-block-paragraph\">Twenty Twenty-One enth\u00e4lt stilvolle Umrandungen f\u00fcr Ihren Inhalt. Wenn ein Bildblock ausgew\u00e4hlt ist, \u00f6ffne den Bereich \u201eStile\u201c in der Seitenleiste des Editors. W\u00e4hle den Blockstil \u201eRahmen\u201c zum Aktivieren.<\/p>\n<\/div>\n\n\n\n<div class=\"wp-block-column is-vertically-aligned-top is-layout-flow wp-block-column-is-layout-flow\">\n<h3 class=\"has-text-align-center wp-block-heading\" id=\"berta-dudde\">Berta Dudde<\/h3>\n\n\n\n<p class=\"wp-block-paragraph\">Heart-dwellers von Claire du Bois                           in Orginal US Englisch, mit Links und PDF\u015b und B\u00fccher ebenso \u00fcbersetzungen in Deutsch<\/p>\n<\/div>\n<\/div>\n\n\n\n<div class=\"wp-block-columns are-vertically-aligned-top has-background is-layout-flex wp-container-core-columns-is-layout-8f761849 wp-block-columns-is-layout-flex\" style=\"background-color:#d9d76a\">\n<div class=\"wp-block-column is-vertically-aligned-top is-layout-flow wp-block-column-is-layout-flow\">\n<h3 class=\"has-text-align-center wp-block-heading\" id=\"heart-dwellers\"><a href=\"https:\/\/heartdwellers.at\/?page_id=314(\u00f6ffnet in neuem Tab)\" data-type=\"URL\" data-id=\"https:\/\/heartdwellers.at\/?page_id=314(\u00f6ffnet in neuem Tab)\">Heart-dweller&#8217;s<\/a><\/h3>\n<\/div>\n\n\n\n<div class=\"wp-block-column is-vertically-aligned-top is-layout-flow wp-block-column-is-layout-flow\">\n<h3 class=\"has-text-align-center wp-block-heading\" id=\"blog\"><a href=\"https:\/\/heartdwellers.at\/?page_id=8\" data-type=\"URL\" data-id=\"https:\/\/heartdwellers.at\/?page_id=8\">Blog<\/a><\/h3>\n<\/div>\n\n\n\n<div class=\"wp-block-column is-vertically-aligned-top is-layout-flow wp-block-column-is-layout-flow\">\n<h3 class=\"has-text-align-center wp-block-heading\" id=\"berta-dudde\"><a href=\"https:\/\/heartdwellers.at\/?page_id=2\" data-type=\"URL\" data-id=\"https:\/\/heartdwellers.at\/?page_id=2\">Berta Dudde<\/a><\/h3>\n<\/div>\n<\/div>\n\n\n\n<div style=\"height:300px\" aria-hidden=\"true\" class=\"wp-block-spacer\"><\/div>\n","protected":false},"excerpt":{"rendered":"<p>AUSTRIA Herzbewohner Jesus Heart-dwellers Heart-dwellers von Claire du Bois in Orginal US Englisch, mit Links und PDF\u015b und B\u00fccher ebenso \u00dcbersetzungen in Deutsch Blog Twenty Twenty-One enth\u00e4lt stilvolle Umrandungen f\u00fcr Ihren Inhalt. Wenn ein Bildblock ausgew\u00e4hlt ist, \u00f6ffne den Bereich \u201eStile\u201c in der Seitenleiste des Editors. W\u00e4hle den Blockstil \u201eRahmen\u201c zum Aktivieren. Berta Dudde Heart-dwellers [&hellip;]<\/p>\n","protected":false},"author":1,"featured_media":0,"parent":0,"menu_order":0,"comment_status":"closed","ping_status":"closed","template":"","meta":{"_coblocks_attr":"","_coblocks_dimensions":"","_coblocks_responsive_height":"","_coblocks_accordion_ie_support":"","_crdt_document":"","footnotes":""},"wf_page_folders":[],"class_list":["post-5","page","type-page","status-publish","hentry"],"_links":{"self":[{"href":"https:\/\/heartdwellers.at\/index.php?rest_route=\/wp\/v2\/pages\/5","targetHints":{"allow":["GET"]}}],"collection":[{"href":"https:\/\/heartdwellers.at\/index.php?rest_route=\/wp\/v2\/pages"}],"about":[{"href":"https:\/\/heartdwellers.at\/index.php?rest_route=\/wp\/v2\/types\/page"}],"author":[{"embeddable":true,"href":"https:\/\/heartdwellers.at\/index.php?rest_route=\/wp\/v2\/users\/1"}],"replies":[{"embeddable":true,"href":"https:\/\/heartdwellers.at\/index.php?rest_route=%2Fwp%2Fv2%2Fcomments&post=5"}],"version-history":[{"count":9,"href":"https:\/\/heartdwellers.at\/index.php?rest_route=\/wp\/v2\/pages\/5\/revisions"}],"predecessor-version":[{"id":594,"href":"https:\/\/heartdwellers.at\/index.php?rest_route=\/wp\/v2\/pages\/5\/revisions\/594"}],"wp:attachment":[{"href":"https:\/\/heartdwellers.at\/index.php?rest_route=%2Fwp%2Fv2%2Fmedia&parent=5"}],"wp:term":[{"taxonomy":"wf_page_folders","embeddable":true,"href":"https:\/\/heartdwellers.at\/index.php?rest_route=%2Fwp%2Fv2%2Fwf_page_folders&post=5"}],"curies":[{"name":"wp","href":"https:\/\/api.w.org\/{rel}","templated":true}]}}